{"id":1275,"date":"2024-04-29T18:21:39","date_gmt":"2024-04-29T18:21:39","guid":{"rendered":"https:\/\/noordmanyoungplants.com\/ueber-uns"},"modified":"2024-07-09T14:38:13","modified_gmt":"2024-07-09T14:38:13","slug":"ueber-uns","status":"publish","type":"page","link":"https:\/\/noordmanyoungplants.com\/de\/ueber-uns","title":{"rendered":"\u00dcber uns"},"content":{"rendered":"\t\t<div data-elementor-type=\"wp-page\" data-elementor-id=\"1275\" class=\"elementor elementor-1275 elementor-1091\" data-elementor-post-type=\"page\">\n\t\t\t\t<div class=\"elementor-element elementor-element-4a5177a e-flex e-con-boxed e-con e-parent\" data-id=\"4a5177a\" data-element_type=\"container\" data-settings=\"{&quot;background_background&quot;:&quot;classic&quot;}\">\n\t\t\t\t\t<div class=\"e-con-inner\">\n\t\t\t\t<div class=\"elementor-element elementor-element-a88bbe1 elementor-widget elementor-widget-heading\" data-id=\"a88bbe1\" data-element_type=\"widget\" data-widget_type=\"heading.default\">\n\t\t\t\t<div class=\"elementor-widget-container\">\n\t\t\t<style>\/*! elementor - v3.21.0 - 26-05-2024 *\/\n.elementor-heading-title{padding:0;margin:0;line-height:1}.elementor-widget-heading .elementor-heading-title[class*=elementor-size-]>a{color:inherit;font-size:inherit;line-height:inherit}.elementor-widget-heading .elementor-heading-title.elementor-size-small{font-size:15px}.elementor-widget-heading .elementor-heading-title.elementor-size-medium{font-size:19px}.elementor-widget-heading .elementor-heading-title.elementor-size-large{font-size:29px}.elementor-widget-heading .elementor-heading-title.elementor-size-xl{font-size:39px}.elementor-widget-heading .elementor-heading-title.elementor-size-xxl{font-size:59px}<\/style><h1 class=\"elementor-heading-title elementor-size-default\">\u00dcber uns<\/h1>\t\t<\/div>\n\t\t\t\t<\/div>\n\t\t\t\t\t<\/div>\n\t\t\t\t<\/div>\n\t\t<div class=\"elementor-element elementor-element-ba11beb e-flex e-con-boxed e-con e-parent\" data-id=\"ba11beb\" data-element_type=\"container\">\n\t\t\t\t\t<div class=\"e-con-inner\">\n\t\t<div class=\"elementor-element elementor-element-142ac55 e-flex e-con-boxed e-con e-child\" data-id=\"142ac55\" data-element_type=\"container\">\n\t\t\t\t\t<div class=\"e-con-inner\">\n\t\t<div class=\"elementor-element elementor-element-a770721 e-con-full e-flex e-con e-child\" data-id=\"a770721\" data-element_type=\"container\">\n\t\t\t\t<div class=\"elementor-element elementor-element-e642aea elementor-widget elementor-widget-text-editor\" data-id=\"e642aea\" data-element_type=\"widget\" data-widget_type=\"text-editor.default\">\n\t\t\t\t<div class=\"elementor-widget-container\">\n\t\t\t<style>\/*! elementor - v3.21.0 - 26-05-2024 *\/\n.elementor-widget-text-editor.elementor-drop-cap-view-stacked .elementor-drop-cap{background-color:#69727d;color:#fff}.elementor-widget-text-editor.elementor-drop-cap-view-framed .elementor-drop-cap{color:#69727d;border:3px solid;background-color:transparent}.elementor-widget-text-editor:not(.elementor-drop-cap-view-default) .elementor-drop-cap{margin-top:8px}.elementor-widget-text-editor:not(.elementor-drop-cap-view-default) .elementor-drop-cap-letter{width:1em;height:1em}.elementor-widget-text-editor .elementor-drop-cap{float:left;text-align:center;line-height:1;font-size:50px}.elementor-widget-text-editor .elementor-drop-cap-letter{display:inline-block}<\/style>\t\t\t\t<h2>1989<\/h2>\nIm Jahr 1989 gr\u00fcndete Ko Noordman die G\u00e4rtnerei am Burg. Smithweg. W\u00e4hrend er sich in den Anfangsjahren haupts\u00e4chlich mit dem Ziehen von u. a. gro\u00dfen Nothofagussen und Ilex in T\u00f6pfen mit Wurzelballen und Zwergrhododendren befasste, spezialisierte er sich nach und nach immer mehr auf den Anbau von einj\u00e4hrigem Laubstr\u00e4ucherpflanzen. Seit 2000 baute Ko verst\u00e4rkt seine Palette von Pflanzgut aus, wobei Acer, Fagus, Hamamelis, Hibiskus, Syringa und Viburnum den gr\u00f6\u00dften Anteil innehatten.\n\n<h2>2010<\/h2>\nSeit 2010 stellt sich Ko der Herausforderung der  umweltvertr\u00e4glichen Bek\u00e4mpfung von Planzenkrankheiten und Sch\u00e4dlingen. Ko hat nicht den Ehrgeiz, Pflanzen in gr\u00f6\u00dferem Ma\u00dfstab zu produzieren, sondern diese vor allem sauber zu z\u00fcchten. Dies bedeutete, dass man von einer Reihe von Arten Abstand nehmen und sich auf den Einsatz nat\u00fcrlicher Feinde konzentrieren musste. Dadurch konnte der Einsatz chemischer Mittel drastisch reduziert werden. Heute werden diese im Prinzip nur noch zur Unkrautbek\u00e4mpfung eingesetzt.\n\n<h2>2022<\/h2>\nIm M\u00e4rz 2022 trat Lars, der Sohn von Ko, in das Unternehmen ein. Eine wunderbare Kindheit in der Baumschule regte ihn zum Studium und Beruf an, wobei er sich entschloss zun\u00e4chst einige Jahre woanders zu arbeiten und tolle Erfahrungen zu sammeln. Doch Blut ist dicker als Wasser, und Ende 2021 beschlossen Ko und Lars, die G\u00e4rtnerei gemeinsam weiterzuf\u00fchren. Nachhaltige Produktion hat h\u00f6chste Priorit\u00e4t. Unsere Herausforderung f\u00fcr die kommenden Jahre ist es, unser Wachstumspotential weiter auszusch\u00f6pfen und eine breite Palette an veredelten Pflanzen anzubieten. Immer knapper werdendes Ausgangsmaterial und ver\u00e4nderte klimatische Bedingungen sind eine Herausforderung. Zudem nehmen wir jedes Jahr neue Sorten in unser Sortiment auf, damit Kunden bei uns immer immer auf dem neuesten Stand sind und f\u00fcndig werden.\t\t\t\t\t\t<\/div>\n\t\t\t\t<\/div>\n\t\t\t\t<\/div>\n\t\t\t\t\t<\/div>\n\t\t\t\t<\/div>\n\t\t\t\t\t<\/div>\n\t\t\t\t<\/div>\n\t\t\t\t<\/div>\n\t\t","protected":false},"excerpt":{"rendered":"<p>\u00dcber uns 1989 Im Jahr 1989 gr\u00fcndete Ko Noordman die G\u00e4rtnerei am Burg. Smithweg. W\u00e4hrend er sich in den Anfangsjahren haupts\u00e4chlich mit dem Ziehen von u. a. gro\u00dfen Nothofagussen und Ilex in T\u00f6pfen mit Wurzelballen und Zwergrhododendren befasste, spezialisierte er sich nach und nach immer mehr auf den Anbau von einj\u00e4hrigem Laubstr\u00e4ucherpflanzen. Seit 2000 baute [&hellip;]<\/p>\n","protected":false},"author":1,"featured_media":0,"parent":0,"menu_order":0,"comment_status":"closed","ping_status":"closed","template":"","meta":{"footnotes":""},"yoast_head":"<!-- This site is optimized with the Yoast SEO plugin v22.8 - https:\/\/yoast.com\/wordpress\/plugins\/seo\/ -->\n<title>\u00dcber uns - Noordman Young Plants<\/title>\n<meta name=\"robots\" content=\"index, follow, max-snippet:-1, max-image-preview:large, max-video-preview:-1\" \/>\n<link rel=\"canonical\" href=\"https:\/\/noordmanyoungplants.com\/de\/ueber-uns\" \/>\n<meta property=\"og:locale\" content=\"de_DE\" \/>\n<meta property=\"og:type\" content=\"article\" \/>\n<meta property=\"og:title\" content=\"\u00dcber uns - Noordman Young Plants\" \/>\n<meta property=\"og:description\" content=\"\u00dcber uns 1989 Im Jahr 1989 gr\u00fcndete Ko Noordman die G\u00e4rtnerei am Burg. Smithweg. W\u00e4hrend er sich in den Anfangsjahren haupts\u00e4chlich mit dem Ziehen von u. a. gro\u00dfen Nothofagussen und Ilex in T\u00f6pfen mit Wurzelballen und Zwergrhododendren befasste, spezialisierte er sich nach und nach immer mehr auf den Anbau von einj\u00e4hrigem Laubstr\u00e4ucherpflanzen. Seit 2000 baute [&hellip;]\" \/>\n<meta property=\"og:url\" content=\"https:\/\/noordmanyoungplants.com\/de\/ueber-uns\" \/>\n<meta property=\"og:site_name\" content=\"Noordman Young Plants\" \/>\n<meta property=\"article:modified_time\" content=\"2024-07-09T14:38:13+00:00\" \/>\n<meta name=\"twitter:card\" content=\"summary_large_image\" \/>\n<meta name=\"twitter:label1\" content=\"Gesch\u00e4tzte Lesezeit\" \/>\n\t<meta name=\"twitter:data1\" content=\"1\u00a0Minute\" \/>\n<script type=\"application\/ld+json\" class=\"yoast-schema-graph\">{\"@context\":\"https:\/\/schema.org\",\"@graph\":[{\"@type\":\"WebPage\",\"@id\":\"https:\/\/noordmanyoungplants.com\/de\/ueber-uns\",\"url\":\"https:\/\/noordmanyoungplants.com\/de\/ueber-uns\",\"name\":\"\u00dcber uns - Noordman Young Plants\",\"isPartOf\":{\"@id\":\"https:\/\/noordmanyoungplants.com\/de#website\"},\"datePublished\":\"2024-04-29T18:21:39+00:00\",\"dateModified\":\"2024-07-09T14:38:13+00:00\",\"breadcrumb\":{\"@id\":\"https:\/\/noordmanyoungplants.com\/de\/ueber-uns#breadcrumb\"},\"inLanguage\":\"de\",\"potentialAction\":[{\"@type\":\"ReadAction\",\"target\":[\"https:\/\/noordmanyoungplants.com\/de\/ueber-uns\"]}]},{\"@type\":\"BreadcrumbList\",\"@id\":\"https:\/\/noordmanyoungplants.com\/de\/ueber-uns#breadcrumb\",\"itemListElement\":[{\"@type\":\"ListItem\",\"position\":1,\"name\":\"Home\",\"item\":\"https:\/\/noordmanyoungplants.com\/de\"},{\"@type\":\"ListItem\",\"position\":2,\"name\":\"\u00dcber uns\"}]},{\"@type\":\"WebSite\",\"@id\":\"https:\/\/noordmanyoungplants.com\/de#website\",\"url\":\"https:\/\/noordmanyoungplants.com\/de\",\"name\":\"Noordman Young Plants\",\"description\":\"\",\"publisher\":{\"@id\":\"https:\/\/noordmanyoungplants.com\/de#organization\"},\"potentialAction\":[{\"@type\":\"SearchAction\",\"target\":{\"@type\":\"EntryPoint\",\"urlTemplate\":\"https:\/\/noordmanyoungplants.com\/de?s={search_term_string}\"},\"query-input\":\"required name=search_term_string\"}],\"inLanguage\":\"de\"},{\"@type\":\"Organization\",\"@id\":\"https:\/\/noordmanyoungplants.com\/de#organization\",\"name\":\"Noordman Young Plants\",\"url\":\"https:\/\/noordmanyoungplants.com\/de\",\"logo\":{\"@type\":\"ImageObject\",\"inLanguage\":\"de\",\"@id\":\"https:\/\/noordmanyoungplants.com\/de#\/schema\/logo\/image\/\",\"url\":\"https:\/\/noordmanyoungplants.com\/wp-content\/uploads\/2024\/02\/Noordman-Young-Plants.webp\",\"contentUrl\":\"https:\/\/noordmanyoungplants.com\/wp-content\/uploads\/2024\/02\/Noordman-Young-Plants.webp\",\"width\":490,\"height\":246,\"caption\":\"Noordman Young Plants\"},\"image\":{\"@id\":\"https:\/\/noordmanyoungplants.com\/de#\/schema\/logo\/image\/\"}}]}<\/script>\n<!-- \/ Yoast SEO plugin. -->","yoast_head_json":{"title":"\u00dcber uns - Noordman Young Plants","robots":{"index":"index","follow":"follow","max-snippet":"max-snippet:-1","max-image-preview":"max-image-preview:large","max-video-preview":"max-video-preview:-1"},"canonical":"https:\/\/noordmanyoungplants.com\/de\/ueber-uns","og_locale":"de_DE","og_type":"article","og_title":"\u00dcber uns - Noordman Young Plants","og_description":"\u00dcber uns 1989 Im Jahr 1989 gr\u00fcndete Ko Noordman die G\u00e4rtnerei am Burg. Smithweg. W\u00e4hrend er sich in den Anfangsjahren haupts\u00e4chlich mit dem Ziehen von u. a. gro\u00dfen Nothofagussen und Ilex in T\u00f6pfen mit Wurzelballen und Zwergrhododendren befasste, spezialisierte er sich nach und nach immer mehr auf den Anbau von einj\u00e4hrigem Laubstr\u00e4ucherpflanzen. Seit 2000 baute [&hellip;]","og_url":"https:\/\/noordmanyoungplants.com\/de\/ueber-uns","og_site_name":"Noordman Young Plants","article_modified_time":"2024-07-09T14:38:13+00:00","twitter_card":"summary_large_image","twitter_misc":{"Gesch\u00e4tzte Lesezeit":"1\u00a0Minute"},"schema":{"@context":"https:\/\/schema.org","@graph":[{"@type":"WebPage","@id":"https:\/\/noordmanyoungplants.com\/de\/ueber-uns","url":"https:\/\/noordmanyoungplants.com\/de\/ueber-uns","name":"\u00dcber uns - Noordman Young Plants","isPartOf":{"@id":"https:\/\/noordmanyoungplants.com\/de#website"},"datePublished":"2024-04-29T18:21:39+00:00","dateModified":"2024-07-09T14:38:13+00:00","breadcrumb":{"@id":"https:\/\/noordmanyoungplants.com\/de\/ueber-uns#breadcrumb"},"inLanguage":"de","potentialAction":[{"@type":"ReadAction","target":["https:\/\/noordmanyoungplants.com\/de\/ueber-uns"]}]},{"@type":"BreadcrumbList","@id":"https:\/\/noordmanyoungplants.com\/de\/ueber-uns#breadcrumb","itemListElement":[{"@type":"ListItem","position":1,"name":"Home","item":"https:\/\/noordmanyoungplants.com\/de"},{"@type":"ListItem","position":2,"name":"\u00dcber uns"}]},{"@type":"WebSite","@id":"https:\/\/noordmanyoungplants.com\/de#website","url":"https:\/\/noordmanyoungplants.com\/de","name":"Noordman Young Plants","description":"","publisher":{"@id":"https:\/\/noordmanyoungplants.com\/de#organization"},"potentialAction":[{"@type":"SearchAction","target":{"@type":"EntryPoint","urlTemplate":"https:\/\/noordmanyoungplants.com\/de?s={search_term_string}"},"query-input":"required name=search_term_string"}],"inLanguage":"de"},{"@type":"Organization","@id":"https:\/\/noordmanyoungplants.com\/de#organization","name":"Noordman Young Plants","url":"https:\/\/noordmanyoungplants.com\/de","logo":{"@type":"ImageObject","inLanguage":"de","@id":"https:\/\/noordmanyoungplants.com\/de#\/schema\/logo\/image\/","url":"https:\/\/noordmanyoungplants.com\/wp-content\/uploads\/2024\/02\/Noordman-Young-Plants.webp","contentUrl":"https:\/\/noordmanyoungplants.com\/wp-content\/uploads\/2024\/02\/Noordman-Young-Plants.webp","width":490,"height":246,"caption":"Noordman Young Plants"},"image":{"@id":"https:\/\/noordmanyoungplants.com\/de#\/schema\/logo\/image\/"}}]}},"_links":{"self":[{"href":"https:\/\/noordmanyoungplants.com\/de\/wp-json\/wp\/v2\/pages\/1275"}],"collection":[{"href":"https:\/\/noordmanyoungplants.com\/de\/wp-json\/wp\/v2\/pages"}],"about":[{"href":"https:\/\/noordmanyoungplants.com\/de\/wp-json\/wp\/v2\/types\/page"}],"author":[{"embeddable":true,"href":"https:\/\/noordmanyoungplants.com\/de\/wp-json\/wp\/v2\/users\/1"}],"replies":[{"embeddable":true,"href":"https:\/\/noordmanyoungplants.com\/de\/wp-json\/wp\/v2\/comments?post=1275"}],"version-history":[{"count":2,"href":"https:\/\/noordmanyoungplants.com\/de\/wp-json\/wp\/v2\/pages\/1275\/revisions"}],"predecessor-version":[{"id":1278,"href":"https:\/\/noordmanyoungplants.com\/de\/wp-json\/wp\/v2\/pages\/1275\/revisions\/1278"}],"wp:attachment":[{"href":"https:\/\/noordmanyoungplants.com\/de\/wp-json\/wp\/v2\/media?parent=1275"}],"curies":[{"name":"wp","href":"https:\/\/api.w.org\/{rel}","templated":true}]}}