{"id":1299,"date":"2024-05-08T19:46:02","date_gmt":"2024-05-08T19:46:02","guid":{"rendered":"https:\/\/noordmanyoungplants.com\/arbeiten-bei"},"modified":"2024-07-09T14:38:14","modified_gmt":"2024-07-09T14:38:14","slug":"arbeiten-bei","status":"publish","type":"page","link":"https:\/\/noordmanyoungplants.com\/de\/arbeiten-bei","title":{"rendered":"Arbeiten bei"},"content":{"rendered":"\t\t<div data-elementor-type=\"wp-page\" data-elementor-id=\"1299\" class=\"elementor elementor-1299 elementor-1104\" data-elementor-post-type=\"page\">\n\t\t\t\t<div class=\"elementor-element elementor-element-4032389 e-flex e-con-boxed e-con e-parent\" data-id=\"4032389\" data-element_type=\"container\" data-settings=\"{&quot;background_background&quot;:&quot;classic&quot;}\">\n\t\t\t\t\t<div class=\"e-con-inner\">\n\t\t\t\t<div class=\"elementor-element elementor-element-15248d3 elementor-widget elementor-widget-heading\" data-id=\"15248d3\" data-element_type=\"widget\" data-widget_type=\"heading.default\">\n\t\t\t\t<div class=\"elementor-widget-container\">\n\t\t\t<style>\/*! elementor - v3.21.0 - 26-05-2024 *\/\n.elementor-heading-title{padding:0;margin:0;line-height:1}.elementor-widget-heading .elementor-heading-title[class*=elementor-size-]>a{color:inherit;font-size:inherit;line-height:inherit}.elementor-widget-heading .elementor-heading-title.elementor-size-small{font-size:15px}.elementor-widget-heading .elementor-heading-title.elementor-size-medium{font-size:19px}.elementor-widget-heading .elementor-heading-title.elementor-size-large{font-size:29px}.elementor-widget-heading .elementor-heading-title.elementor-size-xl{font-size:39px}.elementor-widget-heading .elementor-heading-title.elementor-size-xxl{font-size:59px}<\/style><h1 class=\"elementor-heading-title elementor-size-default\">Arbeiten bei<\/h1>\t\t<\/div>\n\t\t\t\t<\/div>\n\t\t\t\t\t<\/div>\n\t\t\t\t<\/div>\n\t\t<div class=\"elementor-element elementor-element-a6ff92a e-flex e-con-boxed e-con e-parent\" data-id=\"a6ff92a\" data-element_type=\"container\">\n\t\t\t\t\t<div class=\"e-con-inner\">\n\t\t<div class=\"elementor-element elementor-element-d51cfee e-flex e-con-boxed e-con e-child\" data-id=\"d51cfee\" data-element_type=\"container\">\n\t\t\t\t\t<div class=\"e-con-inner\">\n\t\t<div class=\"elementor-element elementor-element-fa25851 e-con-full e-flex e-con e-child\" data-id=\"fa25851\" data-element_type=\"container\">\n\t\t\t\t<div class=\"elementor-element elementor-element-bb72812 elementor-widget elementor-widget-text-editor\" data-id=\"bb72812\" data-element_type=\"widget\" data-widget_type=\"text-editor.default\">\n\t\t\t\t<div class=\"elementor-widget-container\">\n\t\t\t<style>\/*! elementor - v3.21.0 - 26-05-2024 *\/\n.elementor-widget-text-editor.elementor-drop-cap-view-stacked .elementor-drop-cap{background-color:#69727d;color:#fff}.elementor-widget-text-editor.elementor-drop-cap-view-framed .elementor-drop-cap{color:#69727d;border:3px solid;background-color:transparent}.elementor-widget-text-editor:not(.elementor-drop-cap-view-default) .elementor-drop-cap{margin-top:8px}.elementor-widget-text-editor:not(.elementor-drop-cap-view-default) .elementor-drop-cap-letter{width:1em;height:1em}.elementor-widget-text-editor .elementor-drop-cap{float:left;text-align:center;line-height:1;font-size:50px}.elementor-widget-text-editor .elementor-drop-cap-letter{display:inline-block}<\/style>\t\t\t\tArbeiten bei Noordman Young Plants bedeutet, dass Sie Teil eines Teams werden. Was wir leisten, k\u00f6nnen wir nur gemeinsam schaffen. Wir legen sehr gro\u00dfen Wert auf ein gutes Miteinander und auf eine angenehme Arbeitsatmosph\u00e4re..\n\nWir sind derzeit dabei, uns weiter zu entwickeln und erleben starkes Wachstum. Das beinhaltet, dass stets etwas los ist und es niemals langweilig wird. Wir haben in diesem Jahr eine Reihe von Spitzenzeiten, wo sehr viel zu tun ist. Wir okulieren Pflanzen von Juni bis September und von Dezember bis M\u00e4rz &#8211; das sind daher unsere arbeitsintesivsten Zeiten im Jahr.\n<h2><span class=\"m_1618492498039712243normaltextrun\">Derzeit haben wir die folgenden freie(n) Stelle(n):<\/span><span class=\"m_1618492498039712243eop\">\u00a0<\/span><\/h2>\n<ul>\n \t<li><a href=\"https:\/\/noordmanyoungplants.com\/zzper-kwekerij\">Freiberufliche(r) G\u00e4rtner(in) (ZZP)\n<\/a><\/li>\n \t<li><a href=\"https:\/\/noordmanyoungplants.com\/enten-zetten-van-heesters-zzp-flex-vast\">Okulieren\/Setzen von Heister (f\u00fcr Freiberufler bzw. in Teilzeit oder zur Festanstellung)<\/a><\/li>\n<\/ul>\t\t\t\t\t\t<\/div>\n\t\t\t\t<\/div>\n\t\t\t\t<\/div>\n\t\t\t\t\t<\/div>\n\t\t\t\t<\/div>\n\t\t\t\t\t<\/div>\n\t\t\t\t<\/div>\n\t\t\t\t<\/div>\n\t\t","protected":false},"excerpt":{"rendered":"<p>Arbeiten bei Arbeiten bei Noordman Young Plants bedeutet, dass Sie Teil eines Teams werden. Was wir leisten, k\u00f6nnen wir nur gemeinsam schaffen. Wir legen sehr gro\u00dfen Wert auf ein gutes Miteinander und auf eine angenehme Arbeitsatmosph\u00e4re.. Wir sind derzeit dabei, uns weiter zu entwickeln und erleben starkes Wachstum. Das beinhaltet, dass stets etwas los ist [&hellip;]<\/p>\n","protected":false},"author":1,"featured_media":0,"parent":0,"menu_order":0,"comment_status":"closed","ping_status":"closed","template":"","meta":{"footnotes":""},"yoast_head":"<!-- This site is optimized with the Yoast SEO plugin v22.8 - https:\/\/yoast.com\/wordpress\/plugins\/seo\/ -->\n<title>Arbeiten bei - Noordman Young Plants<\/title>\n<meta name=\"robots\" content=\"index, follow, max-snippet:-1, max-image-preview:large, max-video-preview:-1\" \/>\n<link rel=\"canonical\" href=\"https:\/\/noordmanyoungplants.com\/de\/arbeiten-bei\" \/>\n<meta property=\"og:locale\" content=\"de_DE\" \/>\n<meta property=\"og:type\" content=\"article\" \/>\n<meta property=\"og:title\" content=\"Arbeiten bei - Noordman Young Plants\" \/>\n<meta property=\"og:description\" content=\"Arbeiten bei Arbeiten bei Noordman Young Plants bedeutet, dass Sie Teil eines Teams werden. Was wir leisten, k\u00f6nnen wir nur gemeinsam schaffen. Wir legen sehr gro\u00dfen Wert auf ein gutes Miteinander und auf eine angenehme Arbeitsatmosph\u00e4re.. Wir sind derzeit dabei, uns weiter zu entwickeln und erleben starkes Wachstum. Das beinhaltet, dass stets etwas los ist [&hellip;]\" \/>\n<meta property=\"og:url\" content=\"https:\/\/noordmanyoungplants.com\/de\/arbeiten-bei\" \/>\n<meta property=\"og:site_name\" content=\"Noordman Young Plants\" \/>\n<meta property=\"article:modified_time\" content=\"2024-07-09T14:38:14+00:00\" \/>\n<meta name=\"twitter:card\" content=\"summary_large_image\" \/>\n<meta name=\"twitter:label1\" content=\"Gesch\u00e4tzte Lesezeit\" \/>\n\t<meta name=\"twitter:data1\" content=\"1\u00a0Minute\" \/>\n<script type=\"application\/ld+json\" class=\"yoast-schema-graph\">{\"@context\":\"https:\/\/schema.org\",\"@graph\":[{\"@type\":\"WebPage\",\"@id\":\"https:\/\/noordmanyoungplants.com\/de\/arbeiten-bei\",\"url\":\"https:\/\/noordmanyoungplants.com\/de\/arbeiten-bei\",\"name\":\"Arbeiten bei - Noordman Young Plants\",\"isPartOf\":{\"@id\":\"https:\/\/noordmanyoungplants.com\/de#website\"},\"datePublished\":\"2024-05-08T19:46:02+00:00\",\"dateModified\":\"2024-07-09T14:38:14+00:00\",\"breadcrumb\":{\"@id\":\"https:\/\/noordmanyoungplants.com\/de\/arbeiten-bei#breadcrumb\"},\"inLanguage\":\"de\",\"potentialAction\":[{\"@type\":\"ReadAction\",\"target\":[\"https:\/\/noordmanyoungplants.com\/de\/arbeiten-bei\"]}]},{\"@type\":\"BreadcrumbList\",\"@id\":\"https:\/\/noordmanyoungplants.com\/de\/arbeiten-bei#breadcrumb\",\"itemListElement\":[{\"@type\":\"ListItem\",\"position\":1,\"name\":\"Home\",\"item\":\"https:\/\/noordmanyoungplants.com\/de\"},{\"@type\":\"ListItem\",\"position\":2,\"name\":\"Arbeiten bei\"}]},{\"@type\":\"WebSite\",\"@id\":\"https:\/\/noordmanyoungplants.com\/de#website\",\"url\":\"https:\/\/noordmanyoungplants.com\/de\",\"name\":\"Noordman Young Plants\",\"description\":\"\",\"publisher\":{\"@id\":\"https:\/\/noordmanyoungplants.com\/de#organization\"},\"potentialAction\":[{\"@type\":\"SearchAction\",\"target\":{\"@type\":\"EntryPoint\",\"urlTemplate\":\"https:\/\/noordmanyoungplants.com\/de?s={search_term_string}\"},\"query-input\":\"required name=search_term_string\"}],\"inLanguage\":\"de\"},{\"@type\":\"Organization\",\"@id\":\"https:\/\/noordmanyoungplants.com\/de#organization\",\"name\":\"Noordman Young Plants\",\"url\":\"https:\/\/noordmanyoungplants.com\/de\",\"logo\":{\"@type\":\"ImageObject\",\"inLanguage\":\"de\",\"@id\":\"https:\/\/noordmanyoungplants.com\/de#\/schema\/logo\/image\/\",\"url\":\"https:\/\/noordmanyoungplants.com\/wp-content\/uploads\/2024\/02\/Noordman-Young-Plants.webp\",\"contentUrl\":\"https:\/\/noordmanyoungplants.com\/wp-content\/uploads\/2024\/02\/Noordman-Young-Plants.webp\",\"width\":490,\"height\":246,\"caption\":\"Noordman Young Plants\"},\"image\":{\"@id\":\"https:\/\/noordmanyoungplants.com\/de#\/schema\/logo\/image\/\"}}]}<\/script>\n<!-- \/ Yoast SEO plugin. -->","yoast_head_json":{"title":"Arbeiten bei - Noordman Young Plants","robots":{"index":"index","follow":"follow","max-snippet":"max-snippet:-1","max-image-preview":"max-image-preview:large","max-video-preview":"max-video-preview:-1"},"canonical":"https:\/\/noordmanyoungplants.com\/de\/arbeiten-bei","og_locale":"de_DE","og_type":"article","og_title":"Arbeiten bei - Noordman Young Plants","og_description":"Arbeiten bei Arbeiten bei Noordman Young Plants bedeutet, dass Sie Teil eines Teams werden. Was wir leisten, k\u00f6nnen wir nur gemeinsam schaffen. Wir legen sehr gro\u00dfen Wert auf ein gutes Miteinander und auf eine angenehme Arbeitsatmosph\u00e4re.. Wir sind derzeit dabei, uns weiter zu entwickeln und erleben starkes Wachstum. Das beinhaltet, dass stets etwas los ist [&hellip;]","og_url":"https:\/\/noordmanyoungplants.com\/de\/arbeiten-bei","og_site_name":"Noordman Young Plants","article_modified_time":"2024-07-09T14:38:14+00:00","twitter_card":"summary_large_image","twitter_misc":{"Gesch\u00e4tzte Lesezeit":"1\u00a0Minute"},"schema":{"@context":"https:\/\/schema.org","@graph":[{"@type":"WebPage","@id":"https:\/\/noordmanyoungplants.com\/de\/arbeiten-bei","url":"https:\/\/noordmanyoungplants.com\/de\/arbeiten-bei","name":"Arbeiten bei - Noordman Young Plants","isPartOf":{"@id":"https:\/\/noordmanyoungplants.com\/de#website"},"datePublished":"2024-05-08T19:46:02+00:00","dateModified":"2024-07-09T14:38:14+00:00","breadcrumb":{"@id":"https:\/\/noordmanyoungplants.com\/de\/arbeiten-bei#breadcrumb"},"inLanguage":"de","potentialAction":[{"@type":"ReadAction","target":["https:\/\/noordmanyoungplants.com\/de\/arbeiten-bei"]}]},{"@type":"BreadcrumbList","@id":"https:\/\/noordmanyoungplants.com\/de\/arbeiten-bei#breadcrumb","itemListElement":[{"@type":"ListItem","position":1,"name":"Home","item":"https:\/\/noordmanyoungplants.com\/de"},{"@type":"ListItem","position":2,"name":"Arbeiten bei"}]},{"@type":"WebSite","@id":"https:\/\/noordmanyoungplants.com\/de#website","url":"https:\/\/noordmanyoungplants.com\/de","name":"Noordman Young Plants","description":"","publisher":{"@id":"https:\/\/noordmanyoungplants.com\/de#organization"},"potentialAction":[{"@type":"SearchAction","target":{"@type":"EntryPoint","urlTemplate":"https:\/\/noordmanyoungplants.com\/de?s={search_term_string}"},"query-input":"required name=search_term_string"}],"inLanguage":"de"},{"@type":"Organization","@id":"https:\/\/noordmanyoungplants.com\/de#organization","name":"Noordman Young Plants","url":"https:\/\/noordmanyoungplants.com\/de","logo":{"@type":"ImageObject","inLanguage":"de","@id":"https:\/\/noordmanyoungplants.com\/de#\/schema\/logo\/image\/","url":"https:\/\/noordmanyoungplants.com\/wp-content\/uploads\/2024\/02\/Noordman-Young-Plants.webp","contentUrl":"https:\/\/noordmanyoungplants.com\/wp-content\/uploads\/2024\/02\/Noordman-Young-Plants.webp","width":490,"height":246,"caption":"Noordman Young Plants"},"image":{"@id":"https:\/\/noordmanyoungplants.com\/de#\/schema\/logo\/image\/"}}]}},"_links":{"self":[{"href":"https:\/\/noordmanyoungplants.com\/de\/wp-json\/wp\/v2\/pages\/1299"}],"collection":[{"href":"https:\/\/noordmanyoungplants.com\/de\/wp-json\/wp\/v2\/pages"}],"about":[{"href":"https:\/\/noordmanyoungplants.com\/de\/wp-json\/wp\/v2\/types\/page"}],"author":[{"embeddable":true,"href":"https:\/\/noordmanyoungplants.com\/de\/wp-json\/wp\/v2\/users\/1"}],"replies":[{"embeddable":true,"href":"https:\/\/noordmanyoungplants.com\/de\/wp-json\/wp\/v2\/comments?post=1299"}],"version-history":[{"count":1,"href":"https:\/\/noordmanyoungplants.com\/de\/wp-json\/wp\/v2\/pages\/1299\/revisions"}],"predecessor-version":[{"id":1300,"href":"https:\/\/noordmanyoungplants.com\/de\/wp-json\/wp\/v2\/pages\/1299\/revisions\/1300"}],"wp:attachment":[{"href":"https:\/\/noordmanyoungplants.com\/de\/wp-json\/wp\/v2\/media?parent=1299"}],"curies":[{"name":"wp","href":"https:\/\/api.w.org\/{rel}","templated":true}]}}