{"id":1301,"date":"2024-04-29T18:21:39","date_gmt":"2024-04-29T18:21:39","guid":{"rendered":"https:\/\/noordmanyoungplants.com\/o-nas"},"modified":"2024-07-12T15:25:27","modified_gmt":"2024-07-12T15:25:27","slug":"o-nas","status":"publish","type":"page","link":"https:\/\/noordmanyoungplants.com\/pl\/o-nas","title":{"rendered":"O nas"},"content":{"rendered":"\t\t<div data-elementor-type=\"wp-page\" data-elementor-id=\"1301\" class=\"elementor elementor-1301 elementor-1091\" data-elementor-post-type=\"page\">\n\t\t\t\t<div class=\"elementor-element elementor-element-4a5177a e-flex e-con-boxed e-con e-parent\" data-id=\"4a5177a\" data-element_type=\"container\" data-settings=\"{&quot;background_background&quot;:&quot;classic&quot;}\">\n\t\t\t\t\t<div class=\"e-con-inner\">\n\t\t\t\t<div class=\"elementor-element elementor-element-a88bbe1 elementor-widget elementor-widget-heading\" data-id=\"a88bbe1\" data-element_type=\"widget\" data-widget_type=\"heading.default\">\n\t\t\t\t<div class=\"elementor-widget-container\">\n\t\t\t<style>\/*! elementor - v3.21.0 - 26-05-2024 *\/\n.elementor-heading-title{padding:0;margin:0;line-height:1}.elementor-widget-heading .elementor-heading-title[class*=elementor-size-]>a{color:inherit;font-size:inherit;line-height:inherit}.elementor-widget-heading .elementor-heading-title.elementor-size-small{font-size:15px}.elementor-widget-heading .elementor-heading-title.elementor-size-medium{font-size:19px}.elementor-widget-heading .elementor-heading-title.elementor-size-large{font-size:29px}.elementor-widget-heading .elementor-heading-title.elementor-size-xl{font-size:39px}.elementor-widget-heading .elementor-heading-title.elementor-size-xxl{font-size:59px}<\/style><h1 class=\"elementor-heading-title elementor-size-default\">O nas<\/h1>\t\t<\/div>\n\t\t\t\t<\/div>\n\t\t\t\t\t<\/div>\n\t\t\t\t<\/div>\n\t\t<div class=\"elementor-element elementor-element-ba11beb e-flex e-con-boxed e-con e-parent\" data-id=\"ba11beb\" data-element_type=\"container\">\n\t\t\t\t\t<div class=\"e-con-inner\">\n\t\t<div class=\"elementor-element elementor-element-142ac55 e-flex e-con-boxed e-con e-child\" data-id=\"142ac55\" data-element_type=\"container\">\n\t\t\t\t\t<div class=\"e-con-inner\">\n\t\t<div class=\"elementor-element elementor-element-a770721 e-con-full e-flex e-con e-child\" data-id=\"a770721\" data-element_type=\"container\">\n\t\t\t\t<div class=\"elementor-element elementor-element-e642aea elementor-widget elementor-widget-text-editor\" data-id=\"e642aea\" data-element_type=\"widget\" data-widget_type=\"text-editor.default\">\n\t\t\t\t<div class=\"elementor-widget-container\">\n\t\t\t<style>\/*! elementor - v3.21.0 - 26-05-2024 *\/\n.elementor-widget-text-editor.elementor-drop-cap-view-stacked .elementor-drop-cap{background-color:#69727d;color:#fff}.elementor-widget-text-editor.elementor-drop-cap-view-framed .elementor-drop-cap{color:#69727d;border:3px solid;background-color:transparent}.elementor-widget-text-editor:not(.elementor-drop-cap-view-default) .elementor-drop-cap{margin-top:8px}.elementor-widget-text-editor:not(.elementor-drop-cap-view-default) .elementor-drop-cap-letter{width:1em;height:1em}.elementor-widget-text-editor .elementor-drop-cap{float:left;text-align:center;line-height:1;font-size:50px}.elementor-widget-text-editor .elementor-drop-cap-letter{display:inline-block}<\/style>\t\t\t\t<h2>1989<\/h2>\nW 1989 roku Ko Noordman za\u0142o\u017cy\u0142 szk\u00f3\u0142k\u0119 przy Burg. Smitweg. Podczas gdy w pierwszych latach uprawiano na przyk\u0142ad du\u017ce Nothofagus i Ilex z bry\u0142\u0105 korzeniow\u0105 oraz kar\u0142owate rododendrony w doniczkach, stopniowo specjalizowa\u0142 si\u0119 coraz bardziej w uprawie jednorocznych krzew\u00f3w li\u015bciastych. Od 2000 r. Ko koncentruje si\u0119 bardziej na szerokiej gamie sadzonek, z kt\u00f3rych Acer, Fagus, Hamamelis, Hibiscus, Syringa i Viburnum by\u0142y najwi\u0119kszymi uprawami.\n\n<h2>2010<\/h2>\nOd 2010 r. g\u0142\u00f3wnym wyzwaniem sta\u0142o si\u0119 przyjazne dla \u015brodowiska zwalczanie szkodnik\u00f3w i chor\u00f3b. Ambicj\u0105 Ko nie by\u0142a produkcja na wi\u0119ksz\u0105 skal\u0119, ale przede wszystkim czysta produkcja. Oznacza\u0142o to po\u017cegnanie si\u0119 z kilkoma gatunkami i pojawienie si\u0119 naturalnych wrog\u00f3w. Oznacza\u0142o to, \u017ce u\u017cycie \u015brodk\u00f3w chemicznych drastycznie spad\u0142o i obecnie s\u0105 one u\u017cywane g\u0142\u00f3wnie do zwalczania chwast\u00f3w.\n\n<h2>2022<\/h2>\nW marcu 2022 roku do firmy do\u0142\u0105czy\u0142 Lars, syn Ko. Po pi\u0119knym dzieci\u0144stwie sp\u0119dzonym w szk\u00f3\u0142ce, studia i kariera zach\u0119ci\u0142y go do pracy w innym miejscu przez kilka lat i zdobycia \u015bwietnych do\u015bwiadcze\u0144. Ale wi\u0119zy krwi s\u0105 najwa\u017cniejsze i pod koniec 2021 roku Ko i Lars postanowili wsp\u00f3lnie kontynuowa\u0107 dzia\u0142alno\u015b\u0107 szk\u00f3\u0142ki. Naszym g\u0142\u00f3wnym priorytetem jest zr\u00f3wnowa\u017cona produkcja. Naszym wyzwaniem na nadchodz\u0105ce lata jest wzrost ilo\u015bciowy i oferowanie szerokiej gamy szczepionych ro\u015blin. Wyzwaniem jest dla nas coraz rzadszy materia\u0142 wyj\u015bciowy i zmieniaj\u0105ce si\u0119 warunki klimatyczne. Ponadto co roku b\u0119dziemy dodawa\u0107 nowe odmiany do naszej oferty, tak aby klienci byli zawsze zadowoleni z naszych us\u0142ug.\t\t\t\t\t\t<\/div>\n\t\t\t\t<\/div>\n\t\t\t\t<\/div>\n\t\t\t\t\t<\/div>\n\t\t\t\t<\/div>\n\t\t\t\t\t<\/div>\n\t\t\t\t<\/div>\n\t\t\t\t<\/div>\n\t\t","protected":false},"excerpt":{"rendered":"<p>O nas 1989 W 1989 roku Ko Noordman za\u0142o\u017cy\u0142 szk\u00f3\u0142k\u0119 przy Burg. Smitweg. Podczas gdy w pierwszych latach uprawiano na przyk\u0142ad du\u017ce Nothofagus i Ilex z bry\u0142\u0105 korzeniow\u0105 oraz kar\u0142owate rododendrony w doniczkach, stopniowo specjalizowa\u0142 si\u0119 coraz bardziej w uprawie jednorocznych krzew\u00f3w li\u015bciastych. Od 2000 r. Ko koncentruje si\u0119 bardziej na szerokiej gamie sadzonek, z [&hellip;]<\/p>\n","protected":false},"author":1,"featured_media":0,"parent":0,"menu_order":0,"comment_status":"closed","ping_status":"closed","template":"","meta":{"footnotes":""},"yoast_head":"<!-- This site is optimized with the Yoast SEO plugin v22.8 - https:\/\/yoast.com\/wordpress\/plugins\/seo\/ -->\n<title>O nas - Noordman Young Plants<\/title>\n<meta name=\"robots\" content=\"index, follow, max-snippet:-1, max-image-preview:large, max-video-preview:-1\" \/>\n<link rel=\"canonical\" href=\"https:\/\/noordmanyoungplants.com\/pl\/o-nas\" \/>\n<meta property=\"og:locale\" content=\"pl_PL\" \/>\n<meta property=\"og:type\" content=\"article\" \/>\n<meta property=\"og:title\" content=\"O nas - Noordman Young Plants\" \/>\n<meta property=\"og:description\" content=\"O nas 1989 W 1989 roku Ko Noordman za\u0142o\u017cy\u0142 szk\u00f3\u0142k\u0119 przy Burg. Smitweg. Podczas gdy w pierwszych latach uprawiano na przyk\u0142ad du\u017ce Nothofagus i Ilex z bry\u0142\u0105 korzeniow\u0105 oraz kar\u0142owate rododendrony w doniczkach, stopniowo specjalizowa\u0142 si\u0119 coraz bardziej w uprawie jednorocznych krzew\u00f3w li\u015bciastych. Od 2000 r. Ko koncentruje si\u0119 bardziej na szerokiej gamie sadzonek, z [&hellip;]\" \/>\n<meta property=\"og:url\" content=\"https:\/\/noordmanyoungplants.com\/pl\/o-nas\" \/>\n<meta property=\"og:site_name\" content=\"Noordman Young Plants\" \/>\n<meta property=\"article:modified_time\" content=\"2024-07-12T15:25:27+00:00\" \/>\n<meta name=\"twitter:card\" content=\"summary_large_image\" \/>\n<meta name=\"twitter:label1\" content=\"Szacowany czas czytania\" \/>\n\t<meta name=\"twitter:data1\" content=\"1 minuta\" \/>\n<script type=\"application\/ld+json\" class=\"yoast-schema-graph\">{\"@context\":\"https:\/\/schema.org\",\"@graph\":[{\"@type\":\"WebPage\",\"@id\":\"https:\/\/noordmanyoungplants.com\/pl\/o-nas\",\"url\":\"https:\/\/noordmanyoungplants.com\/pl\/o-nas\",\"name\":\"O nas - Noordman Young Plants\",\"isPartOf\":{\"@id\":\"https:\/\/noordmanyoungplants.com\/pl#website\"},\"datePublished\":\"2024-04-29T18:21:39+00:00\",\"dateModified\":\"2024-07-12T15:25:27+00:00\",\"breadcrumb\":{\"@id\":\"https:\/\/noordmanyoungplants.com\/pl\/o-nas#breadcrumb\"},\"inLanguage\":\"pl-PL\",\"potentialAction\":[{\"@type\":\"ReadAction\",\"target\":[\"https:\/\/noordmanyoungplants.com\/pl\/o-nas\"]}]},{\"@type\":\"BreadcrumbList\",\"@id\":\"https:\/\/noordmanyoungplants.com\/pl\/o-nas#breadcrumb\",\"itemListElement\":[{\"@type\":\"ListItem\",\"position\":1,\"name\":\"Home\",\"item\":\"https:\/\/noordmanyoungplants.com\/pl\"},{\"@type\":\"ListItem\",\"position\":2,\"name\":\"O nas\"}]},{\"@type\":\"WebSite\",\"@id\":\"https:\/\/noordmanyoungplants.com\/pl#website\",\"url\":\"https:\/\/noordmanyoungplants.com\/pl\",\"name\":\"Noordman Young Plants\",\"description\":\"\",\"publisher\":{\"@id\":\"https:\/\/noordmanyoungplants.com\/pl#organization\"},\"potentialAction\":[{\"@type\":\"SearchAction\",\"target\":{\"@type\":\"EntryPoint\",\"urlTemplate\":\"https:\/\/noordmanyoungplants.com\/pl?s={search_term_string}\"},\"query-input\":\"required name=search_term_string\"}],\"inLanguage\":\"pl-PL\"},{\"@type\":\"Organization\",\"@id\":\"https:\/\/noordmanyoungplants.com\/pl#organization\",\"name\":\"Noordman Young Plants\",\"url\":\"https:\/\/noordmanyoungplants.com\/pl\",\"logo\":{\"@type\":\"ImageObject\",\"inLanguage\":\"pl-PL\",\"@id\":\"https:\/\/noordmanyoungplants.com\/pl#\/schema\/logo\/image\/\",\"url\":\"https:\/\/noordmanyoungplants.com\/wp-content\/uploads\/2024\/02\/Noordman-Young-Plants.webp\",\"contentUrl\":\"https:\/\/noordmanyoungplants.com\/wp-content\/uploads\/2024\/02\/Noordman-Young-Plants.webp\",\"width\":490,\"height\":246,\"caption\":\"Noordman Young Plants\"},\"image\":{\"@id\":\"https:\/\/noordmanyoungplants.com\/pl#\/schema\/logo\/image\/\"}}]}<\/script>\n<!-- \/ Yoast SEO plugin. -->","yoast_head_json":{"title":"O nas - Noordman Young Plants","robots":{"index":"index","follow":"follow","max-snippet":"max-snippet:-1","max-image-preview":"max-image-preview:large","max-video-preview":"max-video-preview:-1"},"canonical":"https:\/\/noordmanyoungplants.com\/pl\/o-nas","og_locale":"pl_PL","og_type":"article","og_title":"O nas - Noordman Young Plants","og_description":"O nas 1989 W 1989 roku Ko Noordman za\u0142o\u017cy\u0142 szk\u00f3\u0142k\u0119 przy Burg. Smitweg. Podczas gdy w pierwszych latach uprawiano na przyk\u0142ad du\u017ce Nothofagus i Ilex z bry\u0142\u0105 korzeniow\u0105 oraz kar\u0142owate rododendrony w doniczkach, stopniowo specjalizowa\u0142 si\u0119 coraz bardziej w uprawie jednorocznych krzew\u00f3w li\u015bciastych. Od 2000 r. Ko koncentruje si\u0119 bardziej na szerokiej gamie sadzonek, z [&hellip;]","og_url":"https:\/\/noordmanyoungplants.com\/pl\/o-nas","og_site_name":"Noordman Young Plants","article_modified_time":"2024-07-12T15:25:27+00:00","twitter_card":"summary_large_image","twitter_misc":{"Szacowany czas czytania":"1 minuta"},"schema":{"@context":"https:\/\/schema.org","@graph":[{"@type":"WebPage","@id":"https:\/\/noordmanyoungplants.com\/pl\/o-nas","url":"https:\/\/noordmanyoungplants.com\/pl\/o-nas","name":"O nas - Noordman Young Plants","isPartOf":{"@id":"https:\/\/noordmanyoungplants.com\/pl#website"},"datePublished":"2024-04-29T18:21:39+00:00","dateModified":"2024-07-12T15:25:27+00:00","breadcrumb":{"@id":"https:\/\/noordmanyoungplants.com\/pl\/o-nas#breadcrumb"},"inLanguage":"pl-PL","potentialAction":[{"@type":"ReadAction","target":["https:\/\/noordmanyoungplants.com\/pl\/o-nas"]}]},{"@type":"BreadcrumbList","@id":"https:\/\/noordmanyoungplants.com\/pl\/o-nas#breadcrumb","itemListElement":[{"@type":"ListItem","position":1,"name":"Home","item":"https:\/\/noordmanyoungplants.com\/pl"},{"@type":"ListItem","position":2,"name":"O nas"}]},{"@type":"WebSite","@id":"https:\/\/noordmanyoungplants.com\/pl#website","url":"https:\/\/noordmanyoungplants.com\/pl","name":"Noordman Young Plants","description":"","publisher":{"@id":"https:\/\/noordmanyoungplants.com\/pl#organization"},"potentialAction":[{"@type":"SearchAction","target":{"@type":"EntryPoint","urlTemplate":"https:\/\/noordmanyoungplants.com\/pl?s={search_term_string}"},"query-input":"required name=search_term_string"}],"inLanguage":"pl-PL"},{"@type":"Organization","@id":"https:\/\/noordmanyoungplants.com\/pl#organization","name":"Noordman Young Plants","url":"https:\/\/noordmanyoungplants.com\/pl","logo":{"@type":"ImageObject","inLanguage":"pl-PL","@id":"https:\/\/noordmanyoungplants.com\/pl#\/schema\/logo\/image\/","url":"https:\/\/noordmanyoungplants.com\/wp-content\/uploads\/2024\/02\/Noordman-Young-Plants.webp","contentUrl":"https:\/\/noordmanyoungplants.com\/wp-content\/uploads\/2024\/02\/Noordman-Young-Plants.webp","width":490,"height":246,"caption":"Noordman Young Plants"},"image":{"@id":"https:\/\/noordmanyoungplants.com\/pl#\/schema\/logo\/image\/"}}]}},"_links":{"self":[{"href":"https:\/\/noordmanyoungplants.com\/pl\/wp-json\/wp\/v2\/pages\/1301"}],"collection":[{"href":"https:\/\/noordmanyoungplants.com\/pl\/wp-json\/wp\/v2\/pages"}],"about":[{"href":"https:\/\/noordmanyoungplants.com\/pl\/wp-json\/wp\/v2\/types\/page"}],"author":[{"embeddable":true,"href":"https:\/\/noordmanyoungplants.com\/pl\/wp-json\/wp\/v2\/users\/1"}],"replies":[{"embeddable":true,"href":"https:\/\/noordmanyoungplants.com\/pl\/wp-json\/wp\/v2\/comments?post=1301"}],"version-history":[{"count":2,"href":"https:\/\/noordmanyoungplants.com\/pl\/wp-json\/wp\/v2\/pages\/1301\/revisions"}],"predecessor-version":[{"id":1304,"href":"https:\/\/noordmanyoungplants.com\/pl\/wp-json\/wp\/v2\/pages\/1301\/revisions\/1304"}],"wp:attachment":[{"href":"https:\/\/noordmanyoungplants.com\/pl\/wp-json\/wp\/v2\/media?parent=1301"}],"curies":[{"name":"wp","href":"https:\/\/api.w.org\/{rel}","templated":true}]}}