{"id":1303,"date":"2024-05-08T19:46:02","date_gmt":"2024-05-08T19:46:02","guid":{"rendered":"https:\/\/noordmanyoungplants.com\/praca-w"},"modified":"2024-07-12T15:25:27","modified_gmt":"2024-07-12T15:25:27","slug":"praca-w","status":"publish","type":"page","link":"https:\/\/noordmanyoungplants.com\/pl\/praca-w","title":{"rendered":"Praca w"},"content":{"rendered":"\t\t<div data-elementor-type=\"wp-page\" data-elementor-id=\"1303\" class=\"elementor elementor-1303 elementor-1104\" data-elementor-post-type=\"page\">\n\t\t\t\t<div class=\"elementor-element elementor-element-4032389 e-flex e-con-boxed e-con e-parent\" data-id=\"4032389\" data-element_type=\"container\" data-settings=\"{&quot;background_background&quot;:&quot;classic&quot;}\">\n\t\t\t\t\t<div class=\"e-con-inner\">\n\t\t\t\t<div class=\"elementor-element elementor-element-15248d3 elementor-widget elementor-widget-heading\" data-id=\"15248d3\" data-element_type=\"widget\" data-widget_type=\"heading.default\">\n\t\t\t\t<div class=\"elementor-widget-container\">\n\t\t\t<style>\/*! elementor - v3.21.0 - 26-05-2024 *\/\n.elementor-heading-title{padding:0;margin:0;line-height:1}.elementor-widget-heading .elementor-heading-title[class*=elementor-size-]>a{color:inherit;font-size:inherit;line-height:inherit}.elementor-widget-heading .elementor-heading-title.elementor-size-small{font-size:15px}.elementor-widget-heading .elementor-heading-title.elementor-size-medium{font-size:19px}.elementor-widget-heading .elementor-heading-title.elementor-size-large{font-size:29px}.elementor-widget-heading .elementor-heading-title.elementor-size-xl{font-size:39px}.elementor-widget-heading .elementor-heading-title.elementor-size-xxl{font-size:59px}<\/style><h1 class=\"elementor-heading-title elementor-size-default\">Praca w<\/h1>\t\t<\/div>\n\t\t\t\t<\/div>\n\t\t\t\t\t<\/div>\n\t\t\t\t<\/div>\n\t\t<div class=\"elementor-element elementor-element-a6ff92a e-flex e-con-boxed e-con e-parent\" data-id=\"a6ff92a\" data-element_type=\"container\">\n\t\t\t\t\t<div class=\"e-con-inner\">\n\t\t<div class=\"elementor-element elementor-element-d51cfee e-flex e-con-boxed e-con e-child\" data-id=\"d51cfee\" data-element_type=\"container\">\n\t\t\t\t\t<div class=\"e-con-inner\">\n\t\t<div class=\"elementor-element elementor-element-fa25851 e-con-full e-flex e-con e-child\" data-id=\"fa25851\" data-element_type=\"container\">\n\t\t\t\t<div class=\"elementor-element elementor-element-bb72812 elementor-widget elementor-widget-text-editor\" data-id=\"bb72812\" data-element_type=\"widget\" data-widget_type=\"text-editor.default\">\n\t\t\t\t<div class=\"elementor-widget-container\">\n\t\t\t<style>\/*! elementor - v3.21.0 - 26-05-2024 *\/\n.elementor-widget-text-editor.elementor-drop-cap-view-stacked .elementor-drop-cap{background-color:#69727d;color:#fff}.elementor-widget-text-editor.elementor-drop-cap-view-framed .elementor-drop-cap{color:#69727d;border:3px solid;background-color:transparent}.elementor-widget-text-editor:not(.elementor-drop-cap-view-default) .elementor-drop-cap{margin-top:8px}.elementor-widget-text-editor:not(.elementor-drop-cap-view-default) .elementor-drop-cap-letter{width:1em;height:1em}.elementor-widget-text-editor .elementor-drop-cap{float:left;text-align:center;line-height:1;font-size:50px}.elementor-widget-text-editor .elementor-drop-cap-letter{display:inline-block}<\/style>\t\t\t\tPraca w Noordman Young Plants oznacza stanie si\u0119 cz\u0119\u015bci\u0105 zespo\u0142u. Poniewa\u017c robimy to razem. Cenimy sobie to, \u017ce dobrze si\u0119 ze sob\u0105 dogadujemy i dobrze si\u0119 bawimy.\n\nObecnie rozwijamy si\u0119 i powi\u0119kszamy. Oznacza to, \u017ce zawsze co\u015b si\u0119 dzieje i nigdy nie jest nudno. Mamy kilka szczytowych okres\u00f3w w ci\u0105gu roku, gdy mamy bardzo du\u017co pracy. Szczepimy ro\u015bliny od czerwca do wrze\u015bnia i od grudnia do marca, s\u0105 to dla nas najbardziej pracowite okresy w roku.\n<h2><span class=\"m_1618492498039712243normaltextrun\">Obecnie dysponujemy nast\u0119puj\u0105cymi wakatami:<\/span><span class=\"m_1618492498039712243eop\">\u00a0<\/span><\/h2>\n<ul>\n \t<li><a href=\"https:\/\/noordmanyoungplants.com\/zzper-kwekerij\">osoba samozatrudniona &#8211; szk\u00f3\u0142ka\n<\/a><\/li>\n \t<li><a href=\"https:\/\/noordmanyoungplants.com\/enten-zetten-van-heesters-zzp-flex-vast\">Enten\/zetten van heesters (ZZP\/flex\/vast)<\/a><\/li>\n<\/ul>\t\t\t\t\t\t<\/div>\n\t\t\t\t<\/div>\n\t\t\t\t<\/div>\n\t\t\t\t\t<\/div>\n\t\t\t\t<\/div>\n\t\t\t\t\t<\/div>\n\t\t\t\t<\/div>\n\t\t\t\t<\/div>\n\t\t","protected":false},"excerpt":{"rendered":"<p>Praca w Praca w Noordman Young Plants oznacza stanie si\u0119 cz\u0119\u015bci\u0105 zespo\u0142u. Poniewa\u017c robimy to razem. Cenimy sobie to, \u017ce dobrze si\u0119 ze sob\u0105 dogadujemy i dobrze si\u0119 bawimy. Obecnie rozwijamy si\u0119 i powi\u0119kszamy. Oznacza to, \u017ce zawsze co\u015b si\u0119 dzieje i nigdy nie jest nudno. Mamy kilka szczytowych okres\u00f3w w ci\u0105gu roku, gdy mamy [&hellip;]<\/p>\n","protected":false},"author":1,"featured_media":0,"parent":0,"menu_order":0,"comment_status":"closed","ping_status":"closed","template":"","meta":{"footnotes":""},"yoast_head":"<!-- This site is optimized with the Yoast SEO plugin v22.8 - https:\/\/yoast.com\/wordpress\/plugins\/seo\/ -->\n<title>Praca w - Noordman Young Plants<\/title>\n<meta name=\"robots\" content=\"index, follow, max-snippet:-1, max-image-preview:large, max-video-preview:-1\" \/>\n<link rel=\"canonical\" href=\"https:\/\/noordmanyoungplants.com\/pl\/praca-w\" \/>\n<meta property=\"og:locale\" content=\"pl_PL\" \/>\n<meta property=\"og:type\" content=\"article\" \/>\n<meta property=\"og:title\" content=\"Praca w - Noordman Young Plants\" \/>\n<meta property=\"og:description\" content=\"Praca w Praca w Noordman Young Plants oznacza stanie si\u0119 cz\u0119\u015bci\u0105 zespo\u0142u. Poniewa\u017c robimy to razem. Cenimy sobie to, \u017ce dobrze si\u0119 ze sob\u0105 dogadujemy i dobrze si\u0119 bawimy. Obecnie rozwijamy si\u0119 i powi\u0119kszamy. Oznacza to, \u017ce zawsze co\u015b si\u0119 dzieje i nigdy nie jest nudno. Mamy kilka szczytowych okres\u00f3w w ci\u0105gu roku, gdy mamy [&hellip;]\" \/>\n<meta property=\"og:url\" content=\"https:\/\/noordmanyoungplants.com\/pl\/praca-w\" \/>\n<meta property=\"og:site_name\" content=\"Noordman Young Plants\" \/>\n<meta property=\"article:modified_time\" content=\"2024-07-12T15:25:27+00:00\" \/>\n<meta name=\"twitter:card\" content=\"summary_large_image\" \/>\n<meta name=\"twitter:label1\" content=\"Szacowany czas czytania\" \/>\n\t<meta name=\"twitter:data1\" content=\"1 minuta\" \/>\n<script type=\"application\/ld+json\" class=\"yoast-schema-graph\">{\"@context\":\"https:\/\/schema.org\",\"@graph\":[{\"@type\":\"WebPage\",\"@id\":\"https:\/\/noordmanyoungplants.com\/pl\/praca-w\",\"url\":\"https:\/\/noordmanyoungplants.com\/pl\/praca-w\",\"name\":\"Praca w - Noordman Young Plants\",\"isPartOf\":{\"@id\":\"https:\/\/noordmanyoungplants.com\/pl#website\"},\"datePublished\":\"2024-05-08T19:46:02+00:00\",\"dateModified\":\"2024-07-12T15:25:27+00:00\",\"breadcrumb\":{\"@id\":\"https:\/\/noordmanyoungplants.com\/pl\/praca-w#breadcrumb\"},\"inLanguage\":\"pl-PL\",\"potentialAction\":[{\"@type\":\"ReadAction\",\"target\":[\"https:\/\/noordmanyoungplants.com\/pl\/praca-w\"]}]},{\"@type\":\"BreadcrumbList\",\"@id\":\"https:\/\/noordmanyoungplants.com\/pl\/praca-w#breadcrumb\",\"itemListElement\":[{\"@type\":\"ListItem\",\"position\":1,\"name\":\"Home\",\"item\":\"https:\/\/noordmanyoungplants.com\/pl\"},{\"@type\":\"ListItem\",\"position\":2,\"name\":\"Praca w\"}]},{\"@type\":\"WebSite\",\"@id\":\"https:\/\/noordmanyoungplants.com\/pl#website\",\"url\":\"https:\/\/noordmanyoungplants.com\/pl\",\"name\":\"Noordman Young Plants\",\"description\":\"\",\"publisher\":{\"@id\":\"https:\/\/noordmanyoungplants.com\/pl#organization\"},\"potentialAction\":[{\"@type\":\"SearchAction\",\"target\":{\"@type\":\"EntryPoint\",\"urlTemplate\":\"https:\/\/noordmanyoungplants.com\/pl?s={search_term_string}\"},\"query-input\":\"required name=search_term_string\"}],\"inLanguage\":\"pl-PL\"},{\"@type\":\"Organization\",\"@id\":\"https:\/\/noordmanyoungplants.com\/pl#organization\",\"name\":\"Noordman Young Plants\",\"url\":\"https:\/\/noordmanyoungplants.com\/pl\",\"logo\":{\"@type\":\"ImageObject\",\"inLanguage\":\"pl-PL\",\"@id\":\"https:\/\/noordmanyoungplants.com\/pl#\/schema\/logo\/image\/\",\"url\":\"https:\/\/noordmanyoungplants.com\/wp-content\/uploads\/2024\/02\/Noordman-Young-Plants.webp\",\"contentUrl\":\"https:\/\/noordmanyoungplants.com\/wp-content\/uploads\/2024\/02\/Noordman-Young-Plants.webp\",\"width\":490,\"height\":246,\"caption\":\"Noordman Young Plants\"},\"image\":{\"@id\":\"https:\/\/noordmanyoungplants.com\/pl#\/schema\/logo\/image\/\"}}]}<\/script>\n<!-- \/ Yoast SEO plugin. -->","yoast_head_json":{"title":"Praca w - Noordman Young Plants","robots":{"index":"index","follow":"follow","max-snippet":"max-snippet:-1","max-image-preview":"max-image-preview:large","max-video-preview":"max-video-preview:-1"},"canonical":"https:\/\/noordmanyoungplants.com\/pl\/praca-w","og_locale":"pl_PL","og_type":"article","og_title":"Praca w - Noordman Young Plants","og_description":"Praca w Praca w Noordman Young Plants oznacza stanie si\u0119 cz\u0119\u015bci\u0105 zespo\u0142u. Poniewa\u017c robimy to razem. Cenimy sobie to, \u017ce dobrze si\u0119 ze sob\u0105 dogadujemy i dobrze si\u0119 bawimy. Obecnie rozwijamy si\u0119 i powi\u0119kszamy. Oznacza to, \u017ce zawsze co\u015b si\u0119 dzieje i nigdy nie jest nudno. Mamy kilka szczytowych okres\u00f3w w ci\u0105gu roku, gdy mamy [&hellip;]","og_url":"https:\/\/noordmanyoungplants.com\/pl\/praca-w","og_site_name":"Noordman Young Plants","article_modified_time":"2024-07-12T15:25:27+00:00","twitter_card":"summary_large_image","twitter_misc":{"Szacowany czas czytania":"1 minuta"},"schema":{"@context":"https:\/\/schema.org","@graph":[{"@type":"WebPage","@id":"https:\/\/noordmanyoungplants.com\/pl\/praca-w","url":"https:\/\/noordmanyoungplants.com\/pl\/praca-w","name":"Praca w - Noordman Young Plants","isPartOf":{"@id":"https:\/\/noordmanyoungplants.com\/pl#website"},"datePublished":"2024-05-08T19:46:02+00:00","dateModified":"2024-07-12T15:25:27+00:00","breadcrumb":{"@id":"https:\/\/noordmanyoungplants.com\/pl\/praca-w#breadcrumb"},"inLanguage":"pl-PL","potentialAction":[{"@type":"ReadAction","target":["https:\/\/noordmanyoungplants.com\/pl\/praca-w"]}]},{"@type":"BreadcrumbList","@id":"https:\/\/noordmanyoungplants.com\/pl\/praca-w#breadcrumb","itemListElement":[{"@type":"ListItem","position":1,"name":"Home","item":"https:\/\/noordmanyoungplants.com\/pl"},{"@type":"ListItem","position":2,"name":"Praca w"}]},{"@type":"WebSite","@id":"https:\/\/noordmanyoungplants.com\/pl#website","url":"https:\/\/noordmanyoungplants.com\/pl","name":"Noordman Young Plants","description":"","publisher":{"@id":"https:\/\/noordmanyoungplants.com\/pl#organization"},"potentialAction":[{"@type":"SearchAction","target":{"@type":"EntryPoint","urlTemplate":"https:\/\/noordmanyoungplants.com\/pl?s={search_term_string}"},"query-input":"required name=search_term_string"}],"inLanguage":"pl-PL"},{"@type":"Organization","@id":"https:\/\/noordmanyoungplants.com\/pl#organization","name":"Noordman Young Plants","url":"https:\/\/noordmanyoungplants.com\/pl","logo":{"@type":"ImageObject","inLanguage":"pl-PL","@id":"https:\/\/noordmanyoungplants.com\/pl#\/schema\/logo\/image\/","url":"https:\/\/noordmanyoungplants.com\/wp-content\/uploads\/2024\/02\/Noordman-Young-Plants.webp","contentUrl":"https:\/\/noordmanyoungplants.com\/wp-content\/uploads\/2024\/02\/Noordman-Young-Plants.webp","width":490,"height":246,"caption":"Noordman Young Plants"},"image":{"@id":"https:\/\/noordmanyoungplants.com\/pl#\/schema\/logo\/image\/"}}]}},"_links":{"self":[{"href":"https:\/\/noordmanyoungplants.com\/pl\/wp-json\/wp\/v2\/pages\/1303"}],"collection":[{"href":"https:\/\/noordmanyoungplants.com\/pl\/wp-json\/wp\/v2\/pages"}],"about":[{"href":"https:\/\/noordmanyoungplants.com\/pl\/wp-json\/wp\/v2\/types\/page"}],"author":[{"embeddable":true,"href":"https:\/\/noordmanyoungplants.com\/pl\/wp-json\/wp\/v2\/users\/1"}],"replies":[{"embeddable":true,"href":"https:\/\/noordmanyoungplants.com\/pl\/wp-json\/wp\/v2\/comments?post=1303"}],"version-history":[{"count":1,"href":"https:\/\/noordmanyoungplants.com\/pl\/wp-json\/wp\/v2\/pages\/1303\/revisions"}],"predecessor-version":[{"id":1305,"href":"https:\/\/noordmanyoungplants.com\/pl\/wp-json\/wp\/v2\/pages\/1303\/revisions\/1305"}],"wp:attachment":[{"href":"https:\/\/noordmanyoungplants.com\/pl\/wp-json\/wp\/v2\/media?parent=1303"}],"curies":[{"name":"wp","href":"https:\/\/api.w.org\/{rel}","templated":true}]}}