{"id":1319,"date":"2024-04-29T18:12:00","date_gmt":"2024-04-29T18:12:00","guid":{"rendered":"https:\/\/noordmanyoungplants.com\/asortyment"},"modified":"2024-08-13T07:08:53","modified_gmt":"2024-08-13T07:08:53","slug":"asortyment","status":"publish","type":"page","link":"https:\/\/noordmanyoungplants.com\/pl\/asortyment","title":{"rendered":"Asortyment"},"content":{"rendered":"\t\t<div data-elementor-type=\"wp-page\" data-elementor-id=\"1319\" class=\"elementor elementor-1319 elementor-1077\" data-elementor-post-type=\"page\">\n\t\t\t\t<div class=\"elementor-element elementor-element-2452022 e-flex e-con-boxed e-con e-parent\" data-id=\"2452022\" data-element_type=\"container\" data-settings=\"{&quot;background_background&quot;:&quot;classic&quot;}\">\n\t\t\t\t\t<div class=\"e-con-inner\">\n\t\t\t\t<div class=\"elementor-element elementor-element-848fced elementor-widget elementor-widget-heading\" data-id=\"848fced\" data-element_type=\"widget\" data-widget_type=\"heading.default\">\n\t\t\t\t<div class=\"elementor-widget-container\">\n\t\t\t<style>\/*! elementor - v3.21.0 - 26-05-2024 *\/\n.elementor-heading-title{padding:0;margin:0;line-height:1}.elementor-widget-heading .elementor-heading-title[class*=elementor-size-]>a{color:inherit;font-size:inherit;line-height:inherit}.elementor-widget-heading .elementor-heading-title.elementor-size-small{font-size:15px}.elementor-widget-heading .elementor-heading-title.elementor-size-medium{font-size:19px}.elementor-widget-heading .elementor-heading-title.elementor-size-large{font-size:29px}.elementor-widget-heading .elementor-heading-title.elementor-size-xl{font-size:39px}.elementor-widget-heading .elementor-heading-title.elementor-size-xxl{font-size:59px}<\/style><h1 class=\"elementor-heading-title elementor-size-default\">Asortyment<\/h1>\t\t<\/div>\n\t\t\t\t<\/div>\n\t\t\t\t<div class=\"elementor-element elementor-element-6b5f6e4 elementor-align-center elementor-widget elementor-widget-button\" data-id=\"6b5f6e4\" data-element_type=\"widget\" data-widget_type=\"button.default\">\n\t\t\t\t<div class=\"elementor-widget-container\">\n\t\t\t\t\t<div class=\"elementor-button-wrapper\">\n\t\t\t<a class=\"elementor-button elementor-button-link elementor-size-sm\" href=\"#asortyment\">\n\t\t\t\t\t\t<span class=\"elementor-button-content-wrapper\">\n\t\t\t\t\t\t\t\t\t<span class=\"elementor-button-text\">Lista asortymentowa<\/span>\n\t\t\t\t\t<\/span>\n\t\t\t\t\t<\/a>\n\t\t<\/div>\n\t\t\t\t<\/div>\n\t\t\t\t<\/div>\n\t\t\t\t\t<\/div>\n\t\t\t\t<\/div>\n\t\t<div class=\"elementor-element elementor-element-0159d04 e-flex e-con-boxed e-con e-parent\" data-id=\"0159d04\" data-element_type=\"container\">\n\t\t\t\t\t<div class=\"e-con-inner\">\n\t\t<div class=\"elementor-element elementor-element-757a8a5 e-flex e-con-boxed e-con e-child\" data-id=\"757a8a5\" data-element_type=\"container\">\n\t\t\t\t\t<div class=\"e-con-inner\">\n\t\t<div class=\"elementor-element elementor-element-790cb27 e-flex e-con-boxed e-con e-child\" data-id=\"790cb27\" data-element_type=\"container\">\n\t\t\t\t\t<div class=\"e-con-inner\">\n\t\t\t\t<div class=\"elementor-element elementor-element-5322d6b elementor-widget elementor-widget-text-editor\" data-id=\"5322d6b\" data-element_type=\"widget\" data-widget_type=\"text-editor.default\">\n\t\t\t\t<div class=\"elementor-widget-container\">\n\t\t\t<style>\/*! elementor - v3.21.0 - 26-05-2024 *\/\n.elementor-widget-text-editor.elementor-drop-cap-view-stacked .elementor-drop-cap{background-color:#69727d;color:#fff}.elementor-widget-text-editor.elementor-drop-cap-view-framed .elementor-drop-cap{color:#69727d;border:3px solid;background-color:transparent}.elementor-widget-text-editor:not(.elementor-drop-cap-view-default) .elementor-drop-cap{margin-top:8px}.elementor-widget-text-editor:not(.elementor-drop-cap-view-default) .elementor-drop-cap-letter{width:1em;height:1em}.elementor-widget-text-editor .elementor-drop-cap{float:left;text-align:center;line-height:1;font-size:50px}.elementor-widget-text-editor .elementor-drop-cap-letter{display:inline-block}<\/style>\t\t\t\t<p>Hodujemy oko\u0142o 200 r\u00f3\u017cnych gatunk\u00f3w ro\u015blin, od Acer do Zelkova, od skr\u0119conego Corylus do prostego Carpinus i od drobno rozga\u0142\u0119zionej Syringa do grubych ga\u0142\u0119zi Catalpa. W naszej szk\u00f3\u0142ce posiadamy ro\u015bliny mateczne wszystkich gatunk\u00f3w. Dzi\u0119ki temu co roku otrzymujemy w\u0142asne, wierne gatunkowi ro\u015bliny. Zobacz list\u0119 asortymentow\u0105 wszystkich uprawianych przez nas gatunk\u00f3w.<\/p>\n\t\t\t\t\t\t<\/div>\n\t\t\t\t<\/div>\n\t\t\t\t\t<\/div>\n\t\t\t\t<\/div>\n\t\t\t\t\t<\/div>\n\t\t\t\t<\/div>\n\t\t<div class=\"elementor-element elementor-element-98ca6a3 e-flex e-con-boxed e-con e-child\" data-id=\"98ca6a3\" data-element_type=\"container\">\n\t\t\t\t\t<div class=\"e-con-inner\">\n\t\t<div class=\"elementor-element elementor-element-6751a7f e-con-full e-flex e-con e-child\" data-id=\"6751a7f\" data-element_type=\"container\">\n\t\t\t\t<div class=\"elementor-element elementor-element-6ebb7f2 elementor-cta--layout-image-right elementor-cta--valign-middle elementor-cta--skin-classic elementor-animated-content elementor-bg-transform elementor-bg-transform-zoom-in elementor-widget elementor-widget-call-to-action\" data-id=\"6ebb7f2\" data-element_type=\"widget\" data-widget_type=\"call-to-action.default\">\n\t\t\t\t<div class=\"elementor-widget-container\">\n\t\t\t<link rel=\"stylesheet\" href=\"https:\/\/noordmanyoungplants.com\/wp-content\/plugins\/elementor-pro\/assets\/css\/widget-call-to-action.min.css\">\t\t<div class=\"elementor-cta\">\n\t\t\t\t\t<div class=\"elementor-cta__bg-wrapper\">\n\t\t\t\t<div class=\"elementor-cta__bg elementor-bg\" style=\"background-image: url(https:\/\/noordmanyoungplants.com\/wp-content\/uploads\/2024\/07\/image00002-header-scaled-1.jpeg);\" role=\"img\" aria-label=\"Acer palmatum vollegrond\"><\/div>\n\t\t\t\t<div class=\"elementor-cta__bg-overlay\"><\/div>\n\t\t\t<\/div>\n\t\t\t\t\t\t\t<div class=\"elementor-cta__content\">\n\t\t\t\t\n\t\t\t\t\t\t\t\t\t<h3 class=\"elementor-cta__title elementor-cta__content-item elementor-content-item\">\n\t\t\t\t\t\tJednoroczne sadzonki<br>zewn\u0119trzne\t\t\t\t\t<\/h3>\n\t\t\t\t\n\t\t\t\t\t\t\t\t\t<div class=\"elementor-cta__description elementor-cta__content-item elementor-content-item\">\n\t\t\t\t\t\t<p>Od marca sadzimy nasze szczepy i sadzonki na naszych dzia\u0142kach zewn\u0119trznych. Po sezonie wegetacyjnym, od listopada wszystko wykopujemy. Korzenie s\u0105 wytrz\u0105sane, pozostawiaj\u0105c nasiona chwast\u00f3w na ziemi. Ro\u015bliny s\u0105 nast\u0119pnie sortowane i pakowane po 10 lub 25 sztuk. Preferujemy dostarczanie jednorocznych ro\u015blin zewn\u0119trznych w drewnianych skrzyniach paletowych.. <\/p>\n\t\t\t\t\t<\/div>\n\t\t\t\t\n\t\t\t\t\t\t\t<\/div>\n\t\t\t\t\t\t<\/div>\n\t\t\t\t<\/div>\n\t\t\t\t<\/div>\n\t\t\t\t<\/div>\n\t\t\t\t\t<\/div>\n\t\t\t\t<\/div>\n\t\t<div class=\"elementor-element elementor-element-ea8563c e-flex e-con-boxed e-con e-child\" data-id=\"ea8563c\" data-element_type=\"container\">\n\t\t\t\t\t<div class=\"e-con-inner\">\n\t\t<div class=\"elementor-element elementor-element-9e8db03 e-con-full e-flex e-con e-child\" data-id=\"9e8db03\" data-element_type=\"container\">\n\t\t\t\t<div class=\"elementor-element elementor-element-135b3ac elementor-cta--layout-image-above elementor-cta--valign-top elementor-cta--skin-classic elementor-animated-content elementor-bg-transform elementor-bg-transform-zoom-in elementor-widget elementor-widget-call-to-action\" data-id=\"135b3ac\" data-element_type=\"widget\" data-widget_type=\"call-to-action.default\">\n\t\t\t\t<div class=\"elementor-widget-container\">\n\t\t\t\t\t<div class=\"elementor-cta\">\n\t\t\t\t\t<div class=\"elementor-cta__bg-wrapper\">\n\t\t\t\t<div class=\"elementor-cta__bg elementor-bg\" style=\"background-image: url(https:\/\/noordmanyoungplants.com\/wp-content\/uploads\/2024\/08\/Zomerenten-Carpinus-Noordman-Young-Plants.png);\" role=\"img\" aria-label=\"Zomerenten Carpinus Noordman Young Plants\"><\/div>\n\t\t\t\t<div class=\"elementor-cta__bg-overlay\"><\/div>\n\t\t\t<\/div>\n\t\t\t\t\t\t\t<div class=\"elementor-cta__content\">\n\t\t\t\t\n\t\t\t\t\t\t\t\t\t<h3 class=\"elementor-cta__title elementor-cta__content-item elementor-content-item\">\n\t\t\t\t\t\tSzczepy letnie\t\t\t\t\t<\/h3>\n\t\t\t\t\n\t\t\t\t\t\t\t\t\t<div class=\"elementor-cta__description elementor-cta__content-item elementor-content-item\">\n\t\t\t\t\t\t<p>Latem rozmna\u017camy w naszej szklarni i tunelach foliowych. Acer palmatum, Acer campestre, Quercus palustris i Viburnum s\u0105 u nas dost\u0119pne w wielu r\u00f3\u017cnych odmianach. Letnie ro\u015bliny jednoroczne dostarczamy w listopadzie. Ro\u015bliny s\u0105 w\u00f3wczas zrastane i pozbawiane dzikich ga\u0142\u0119zi z podk\u0142adki, dzi\u0119ki czemu s\u0105 natychmiast gotowe do przesadzania do doniczek lub zimowania. <\/p>\n\t\t\t\t\t<\/div>\n\t\t\t\t\n\t\t\t\t\t\t\t<\/div>\n\t\t\t\t\t\t<\/div>\n\t\t\t\t<\/div>\n\t\t\t\t<\/div>\n\t\t\t\t<\/div>\n\t\t<div class=\"elementor-element elementor-element-504cd3b e-con-full e-flex e-con e-child\" data-id=\"504cd3b\" data-element_type=\"container\">\n\t\t\t\t<div class=\"elementor-element elementor-element-19cbe4b elementor-cta--layout-image-above elementor-cta--valign-top elementor-cta--skin-classic elementor-animated-content elementor-bg-transform elementor-bg-transform-zoom-in elementor-widget elementor-widget-call-to-action\" data-id=\"19cbe4b\" data-element_type=\"widget\" data-widget_type=\"call-to-action.default\">\n\t\t\t\t<div class=\"elementor-widget-container\">\n\t\t\t\t\t<div class=\"elementor-cta\">\n\t\t\t\t\t<div class=\"elementor-cta__bg-wrapper\">\n\t\t\t\t<div class=\"elementor-cta__bg elementor-bg\" style=\"background-image: url(https:\/\/noordmanyoungplants.com\/wp-content\/uploads\/2024\/07\/image00010-scaled-e1718302509246.jpeg);\" role=\"img\" aria-label=\"image00010-scaled-e1718302509246\"><\/div>\n\t\t\t\t<div class=\"elementor-cta__bg-overlay\"><\/div>\n\t\t\t<\/div>\n\t\t\t\t\t\t\t<div class=\"elementor-cta__content\">\n\t\t\t\t\n\t\t\t\t\t\t\t\t\t<h3 class=\"elementor-cta__title elementor-cta__content-item elementor-content-item\">\n\t\t\t\t\t\tSzczepy zimowe w biodoniczce\t\t\t\t\t<\/h3>\n\t\t\t\t\n\t\t\t\t\t\t\t\t\t<div class=\"elementor-cta__description elementor-cta__content-item elementor-content-item\">\n\t\t\t\t\t\t<p>Szczepy zimowe hodujemy w strawnym biodoniczce. Po zaszczepieniu w miesi\u0105cach zimowych, wiosn\u0105 hodujemy ro\u015bliny w naszych tunelach foliowych, dzi\u0119ki czemu ro\u015blina ma wiele mocnych ga\u0142\u0119zi. Ro\u015bliny dostarczamy w taki spos\u00f3b, aby mo\u017cna je by\u0142o przetworzy\u0107 bezpo\u015brednio u Klienta na maszynie doniczkowej lub sadowniczej. Naturalnie ro\u015bliny s\u0105 wolne od dzikich ga\u0142\u0119zi z podk\u0142adki.<\/p>\n\t\t\t\t\t<\/div>\n\t\t\t\t\n\t\t\t\t\t\t\t<\/div>\n\t\t\t\t\t\t<\/div>\n\t\t\t\t<\/div>\n\t\t\t\t<\/div>\n\t\t\t\t<\/div>\n\t\t\t\t\t<\/div>\n\t\t\t\t<\/div>\n\t\t\t\t\t<\/div>\n\t\t\t\t<\/div>\n\t\t\t\t<\/div>\n\t\t","protected":false},"excerpt":{"rendered":"<p>Asortyment Lista asortymentowa Hodujemy oko\u0142o 200 r\u00f3\u017cnych gatunk\u00f3w ro\u015blin, od Acer do Zelkova, od skr\u0119conego Corylus do prostego Carpinus i od drobno rozga\u0142\u0119zionej Syringa do grubych ga\u0142\u0119zi Catalpa. W naszej szk\u00f3\u0142ce posiadamy ro\u015bliny mateczne wszystkich gatunk\u00f3w. Dzi\u0119ki temu co roku otrzymujemy w\u0142asne, wierne gatunkowi ro\u015bliny. Zobacz list\u0119 asortymentow\u0105 wszystkich uprawianych przez nas gatunk\u00f3w. Jednoroczne sadzonkizewn\u0119trzne [&hellip;]<\/p>\n","protected":false},"author":1,"featured_media":0,"parent":0,"menu_order":0,"comment_status":"closed","ping_status":"closed","template":"","meta":{"footnotes":""},"yoast_head":"<!-- This site is optimized with the Yoast SEO plugin v22.8 - https:\/\/yoast.com\/wordpress\/plugins\/seo\/ -->\n<title>Asortyment - Noordman Young Plants<\/title>\n<meta name=\"robots\" content=\"index, follow, max-snippet:-1, max-image-preview:large, max-video-preview:-1\" \/>\n<link rel=\"canonical\" href=\"https:\/\/noordmanyoungplants.com\/pl\/asortyment\" \/>\n<meta property=\"og:locale\" content=\"pl_PL\" \/>\n<meta property=\"og:type\" content=\"article\" \/>\n<meta property=\"og:title\" content=\"Asortyment - Noordman Young Plants\" \/>\n<meta property=\"og:description\" content=\"Asortyment Lista asortymentowa Hodujemy oko\u0142o 200 r\u00f3\u017cnych gatunk\u00f3w ro\u015blin, od Acer do Zelkova, od skr\u0119conego Corylus do prostego Carpinus i od drobno rozga\u0142\u0119zionej Syringa do grubych ga\u0142\u0119zi Catalpa. W naszej szk\u00f3\u0142ce posiadamy ro\u015bliny mateczne wszystkich gatunk\u00f3w. Dzi\u0119ki temu co roku otrzymujemy w\u0142asne, wierne gatunkowi ro\u015bliny. Zobacz list\u0119 asortymentow\u0105 wszystkich uprawianych przez nas gatunk\u00f3w. Jednoroczne sadzonkizewn\u0119trzne [&hellip;]\" \/>\n<meta property=\"og:url\" content=\"https:\/\/noordmanyoungplants.com\/pl\/asortyment\" \/>\n<meta property=\"og:site_name\" content=\"Noordman Young Plants\" \/>\n<meta property=\"article:modified_time\" content=\"2024-08-13T07:08:53+00:00\" \/>\n<meta name=\"twitter:card\" content=\"summary_large_image\" \/>\n<meta name=\"twitter:label1\" content=\"Szacowany czas czytania\" \/>\n\t<meta name=\"twitter:data1\" content=\"2 minuty\" \/>\n<script type=\"application\/ld+json\" class=\"yoast-schema-graph\">{\"@context\":\"https:\/\/schema.org\",\"@graph\":[{\"@type\":\"WebPage\",\"@id\":\"https:\/\/noordmanyoungplants.com\/pl\/asortyment\",\"url\":\"https:\/\/noordmanyoungplants.com\/pl\/asortyment\",\"name\":\"Asortyment - Noordman Young Plants\",\"isPartOf\":{\"@id\":\"https:\/\/noordmanyoungplants.com\/pl#website\"},\"datePublished\":\"2024-04-29T18:12:00+00:00\",\"dateModified\":\"2024-08-13T07:08:53+00:00\",\"breadcrumb\":{\"@id\":\"https:\/\/noordmanyoungplants.com\/pl\/asortyment#breadcrumb\"},\"inLanguage\":\"pl-PL\",\"potentialAction\":[{\"@type\":\"ReadAction\",\"target\":[\"https:\/\/noordmanyoungplants.com\/pl\/asortyment\"]}]},{\"@type\":\"BreadcrumbList\",\"@id\":\"https:\/\/noordmanyoungplants.com\/pl\/asortyment#breadcrumb\",\"itemListElement\":[{\"@type\":\"ListItem\",\"position\":1,\"name\":\"Home\",\"item\":\"https:\/\/noordmanyoungplants.com\/pl\"},{\"@type\":\"ListItem\",\"position\":2,\"name\":\"Asortyment\"}]},{\"@type\":\"WebSite\",\"@id\":\"https:\/\/noordmanyoungplants.com\/pl#website\",\"url\":\"https:\/\/noordmanyoungplants.com\/pl\",\"name\":\"Noordman Young Plants\",\"description\":\"\",\"publisher\":{\"@id\":\"https:\/\/noordmanyoungplants.com\/pl#organization\"},\"potentialAction\":[{\"@type\":\"SearchAction\",\"target\":{\"@type\":\"EntryPoint\",\"urlTemplate\":\"https:\/\/noordmanyoungplants.com\/pl?s={search_term_string}\"},\"query-input\":\"required name=search_term_string\"}],\"inLanguage\":\"pl-PL\"},{\"@type\":\"Organization\",\"@id\":\"https:\/\/noordmanyoungplants.com\/pl#organization\",\"name\":\"Noordman Young Plants\",\"url\":\"https:\/\/noordmanyoungplants.com\/pl\",\"logo\":{\"@type\":\"ImageObject\",\"inLanguage\":\"pl-PL\",\"@id\":\"https:\/\/noordmanyoungplants.com\/pl#\/schema\/logo\/image\/\",\"url\":\"https:\/\/noordmanyoungplants.com\/wp-content\/uploads\/2024\/02\/Noordman-Young-Plants.webp\",\"contentUrl\":\"https:\/\/noordmanyoungplants.com\/wp-content\/uploads\/2024\/02\/Noordman-Young-Plants.webp\",\"width\":490,\"height\":246,\"caption\":\"Noordman Young Plants\"},\"image\":{\"@id\":\"https:\/\/noordmanyoungplants.com\/pl#\/schema\/logo\/image\/\"}}]}<\/script>\n<!-- \/ Yoast SEO plugin. -->","yoast_head_json":{"title":"Asortyment - Noordman Young Plants","robots":{"index":"index","follow":"follow","max-snippet":"max-snippet:-1","max-image-preview":"max-image-preview:large","max-video-preview":"max-video-preview:-1"},"canonical":"https:\/\/noordmanyoungplants.com\/pl\/asortyment","og_locale":"pl_PL","og_type":"article","og_title":"Asortyment - Noordman Young Plants","og_description":"Asortyment Lista asortymentowa Hodujemy oko\u0142o 200 r\u00f3\u017cnych gatunk\u00f3w ro\u015blin, od Acer do Zelkova, od skr\u0119conego Corylus do prostego Carpinus i od drobno rozga\u0142\u0119zionej Syringa do grubych ga\u0142\u0119zi Catalpa. W naszej szk\u00f3\u0142ce posiadamy ro\u015bliny mateczne wszystkich gatunk\u00f3w. Dzi\u0119ki temu co roku otrzymujemy w\u0142asne, wierne gatunkowi ro\u015bliny. Zobacz list\u0119 asortymentow\u0105 wszystkich uprawianych przez nas gatunk\u00f3w. Jednoroczne sadzonkizewn\u0119trzne [&hellip;]","og_url":"https:\/\/noordmanyoungplants.com\/pl\/asortyment","og_site_name":"Noordman Young Plants","article_modified_time":"2024-08-13T07:08:53+00:00","twitter_card":"summary_large_image","twitter_misc":{"Szacowany czas czytania":"2 minuty"},"schema":{"@context":"https:\/\/schema.org","@graph":[{"@type":"WebPage","@id":"https:\/\/noordmanyoungplants.com\/pl\/asortyment","url":"https:\/\/noordmanyoungplants.com\/pl\/asortyment","name":"Asortyment - Noordman Young Plants","isPartOf":{"@id":"https:\/\/noordmanyoungplants.com\/pl#website"},"datePublished":"2024-04-29T18:12:00+00:00","dateModified":"2024-08-13T07:08:53+00:00","breadcrumb":{"@id":"https:\/\/noordmanyoungplants.com\/pl\/asortyment#breadcrumb"},"inLanguage":"pl-PL","potentialAction":[{"@type":"ReadAction","target":["https:\/\/noordmanyoungplants.com\/pl\/asortyment"]}]},{"@type":"BreadcrumbList","@id":"https:\/\/noordmanyoungplants.com\/pl\/asortyment#breadcrumb","itemListElement":[{"@type":"ListItem","position":1,"name":"Home","item":"https:\/\/noordmanyoungplants.com\/pl"},{"@type":"ListItem","position":2,"name":"Asortyment"}]},{"@type":"WebSite","@id":"https:\/\/noordmanyoungplants.com\/pl#website","url":"https:\/\/noordmanyoungplants.com\/pl","name":"Noordman Young Plants","description":"","publisher":{"@id":"https:\/\/noordmanyoungplants.com\/pl#organization"},"potentialAction":[{"@type":"SearchAction","target":{"@type":"EntryPoint","urlTemplate":"https:\/\/noordmanyoungplants.com\/pl?s={search_term_string}"},"query-input":"required name=search_term_string"}],"inLanguage":"pl-PL"},{"@type":"Organization","@id":"https:\/\/noordmanyoungplants.com\/pl#organization","name":"Noordman Young Plants","url":"https:\/\/noordmanyoungplants.com\/pl","logo":{"@type":"ImageObject","inLanguage":"pl-PL","@id":"https:\/\/noordmanyoungplants.com\/pl#\/schema\/logo\/image\/","url":"https:\/\/noordmanyoungplants.com\/wp-content\/uploads\/2024\/02\/Noordman-Young-Plants.webp","contentUrl":"https:\/\/noordmanyoungplants.com\/wp-content\/uploads\/2024\/02\/Noordman-Young-Plants.webp","width":490,"height":246,"caption":"Noordman Young Plants"},"image":{"@id":"https:\/\/noordmanyoungplants.com\/pl#\/schema\/logo\/image\/"}}]}},"_links":{"self":[{"href":"https:\/\/noordmanyoungplants.com\/pl\/wp-json\/wp\/v2\/pages\/1319"}],"collection":[{"href":"https:\/\/noordmanyoungplants.com\/pl\/wp-json\/wp\/v2\/pages"}],"about":[{"href":"https:\/\/noordmanyoungplants.com\/pl\/wp-json\/wp\/v2\/types\/page"}],"author":[{"embeddable":true,"href":"https:\/\/noordmanyoungplants.com\/pl\/wp-json\/wp\/v2\/users\/1"}],"replies":[{"embeddable":true,"href":"https:\/\/noordmanyoungplants.com\/pl\/wp-json\/wp\/v2\/comments?post=1319"}],"version-history":[{"count":4,"href":"https:\/\/noordmanyoungplants.com\/pl\/wp-json\/wp\/v2\/pages\/1319\/revisions"}],"predecessor-version":[{"id":1384,"href":"https:\/\/noordmanyoungplants.com\/pl\/wp-json\/wp\/v2\/pages\/1319\/revisions\/1384"}],"wp:attachment":[{"href":"https:\/\/noordmanyoungplants.com\/pl\/wp-json\/wp\/v2\/media?parent=1319"}],"curies":[{"name":"wp","href":"https:\/\/api.w.org\/{rel}","templated":true}]}}